{"id":183,"date":"2019-10-27T10:14:05","date_gmt":"2019-10-27T10:14:05","guid":{"rendered":"http:\/\/avt-deutschland.de\/?page_id=183"},"modified":"2021-07-20T14:55:18","modified_gmt":"2021-07-20T14:55:18","slug":"impressum","status":"publish","type":"page","link":"https:\/\/avt-deutschland.de\/en\/impressum\/","title":{"rendered":"Impressum"},"content":{"rendered":"[et_pb_section fb_built=&#8221;1&#8243; admin_label=&#8221;section&#8221; _builder_version=&#8221;3.22&#8243;][et_pb_row admin_label=&#8221;row&#8221; _builder_version=&#8221;3.25&#8243; background_size=&#8221;initial&#8221; background_position=&#8221;top_left&#8221; background_repeat=&#8221;repeat&#8221;][et_pb_column type=&#8221;4_4&#8243; _builder_version=&#8221;3.25&#8243; custom_padding=&#8221;|||&#8221; custom_padding__hover=&#8221;|||&#8221;][et_pb_text admin_label=&#8221;Text&#8221; _builder_version=&#8221;3.27.4&#8243; background_size=&#8221;initial&#8221; background_position=&#8221;top_left&#8221; background_repeat=&#8221;repeat&#8221;]<p><\/p>\n<p>&nbsp;<\/p>\n<p><strong>Impressum<\/strong><\/p>\n<p>\u00a0<span style=\"font-size: 14px;\">AVT Abf\u00fcll- und Verpackungstechnik GmbH<br \/><\/span><span style=\"font-size: 14px;\">\u00a0<\/span><span style=\"font-size: 14px;\">Otto-Hahn-Str. 42<br \/><\/span><span style=\"font-size: 14px;\">\u00a0<\/span><span style=\"font-size: 14px;\">D-42369 Wuppertal<br \/><\/span><span style=\"font-size: 14px;\">\u00a0<\/span><span style=\"font-size: 14px;\">Telefon: +49 (0)202 27474-0<br \/><\/span><span style=\"font-size: 14px;\">\u00a0<\/span><span style=\"font-size: 14px;\">Telefax: +49 (0)202 27474-15<br \/><\/span><span style=\"font-size: 14px;\">\u00a0<\/span><span style=\"font-size: 14px;\">E-Mail: info(at)avt-deutschland.de<br \/><\/span><span style=\"font-size: 14px;\">\u00a0<\/span><span style=\"font-size: 14px;\">Internet: www.avt-deutschland.de<\/span><\/p>\n<p>&nbsp;<\/p>\n<p><span style=\"font-size: 14px;\"><\/span><span style=\"font-size: 14px;\">Vertretungsberechtigte Gesch\u00e4ftsf\u00fchrer: Hans-J. Skotarek \/ Stefan Skotarek \/ Andr\u00e9 Skotarek<br \/><\/span><span style=\"font-size: 14px;\">Registergericht: Amtsgericht Wuppertal<br \/><\/span><span style=\"font-size: 14px;\">Registernummer: HRB 10799<br \/><\/span><span style=\"font-size: 14px;\">Umsatzsteuer-Identifikationsnummer gem\u00e4\u00df \u00a7 27 a Umsatzsteuergesetz: DE173413945<\/span><span style=\"font-size: 14px;\">\u00a0<\/span><\/p>\n<p><span style=\"font-size: 14px;\"><\/span><\/p>\n<p><span style=\"font-size: 14px;\">Urheberrecht<\/span><\/p>\n<p><span style=\"font-size: 14px;\">Soweit nicht anderweitig gekennzeichnet, liegt das Urheberrecht f\u00fcr die Inhalte dieser Website bei der AVT Abf\u00fcll- und Verpackungstechnik GmbH.<\/span><\/p>\n<p><span style=\"font-size: 14px;\">Jegliche &#8211; auch auszugsweise &#8211; Verwendung von Texten oder Bildern dieser Website ist nicht gestattet.<\/span><\/p>\n<p><span style=\"font-size: 14px;\">Haftungshinweis:<\/span><\/p>\n<p><span style=\"font-size: 14px;\">Trotz sorgf\u00e4ltiger inhaltlicher Kontrolle \u00fcbernehmen wir keine Haftung f\u00fcr die Inhalte externer Links. F\u00fcr den Inhalt der verlinkten Seiten sind ausschlie\u00dflich deren Betreiber verantwortlich.<\/span><\/p>\n<p>&nbsp;<\/p>\n<p><\/p>\n<p>&nbsp;<\/p>[\/et_pb_text][\/et_pb_column][\/et_pb_row][\/et_pb_section]","protected":false},"excerpt":{"rendered":"<p>&nbsp; Impressum \u00a0AVT Abf\u00fcll- und Verpackungstechnik GmbH\u00a0Otto-Hahn-Str. 42\u00a0D-42369 Wuppertal\u00a0Telefon: +49 (0)202 27474-0\u00a0Telefax: +49 (0)202 27474-15\u00a0E-Mail: info(at)avt-deutschland.de\u00a0Internet: www.avt-deutschland.de &nbsp; Vertretungsberechtigte Gesch\u00e4ftsf\u00fchrer: Hans-J. Skotarek \/ Stefan Skotarek \/ Andr\u00e9 SkotarekRegistergericht: Amtsgericht WuppertalRegisternummer: HRB 10799Umsatzsteuer-Identifikationsnummer gem\u00e4\u00df \u00a7 27 a Umsatzsteuergesetz: DE173413945\u00a0 Urheberrecht Soweit nicht anderweitig gekennzeichnet, liegt das Urheberrecht f\u00fcr die Inhalte dieser Website bei der AVT Abf\u00fcll- [&hellip;]<\/p>\n","protected":false},"author":1,"featured_media":0,"parent":0,"menu_order":0,"comment_status":"closed","ping_status":"closed","template":"","meta":{"_et_pb_use_builder":"on","_et_pb_old_content":"<!-- wp:paragraph -->\n<p>Impressum<br>\nAVT Abf\u00fcll- und Verpackungstechnik GmbH<br>\nOtto-Hahn-Str. 42<br>\nD-42369 Wuppertal<br>\nTelefon: +49 (0)202 27474-0<br>\nTelefax: +49 (0)202 27474-15<br>\nE-Mail: info@avt-deutschland.de<br>\nInternet: www.avt-deutschland.de<\/p>\n<!-- \/wp:paragraph -->\n\n<!-- wp:paragraph -->\n<p>Pers\u00f6nlich haftender Gesellschafter: Hans-J. Skotarek<br>\nVertretungsberechtigte Gesch\u00e4ftsf\u00fchrer: Hans-J. Skotarek \/ Stefan Skotarek \/ Andr\u00e9 Skotarek<br>\nRegistergericht: Amtsgericht Mettmann<br>\nRegisternummer: HR 2248<br>\nUmsatzsteuer-Identifikationsnummer gem\u00e4\u00df \u00a7 27 a Umsatzsteuergesetz: DE173413945<\/p>\n<!-- \/wp:paragraph -->\n\n<!-- wp:paragraph -->\n<p>Urheberrecht<br>\nSoweit nicht anderweitig gekennzeichnet, liegt das Urheberrecht f\u00fcr die Inhalte dieser Website bei der AVT Abf\u00fcll- und Verpackungstechnik GmbH.<br>\nJegliche - auch auszugsweise - Verwendung von Texten oder Bildern dieser Website ist nicht gestattet.<\/p>\n<!-- \/wp:paragraph -->\n\n<!-- wp:paragraph -->\n<p>Haftungshinweis:<br>\nTrotz sorgf\u00e4ltiger inhaltlicher Kontrolle \u00fcbernehmen wir keine Haftung f\u00fcr die Inhalte externer Links. F\u00fcr den Inhalt der verlinkten Seiten sind ausschlie\u00dflich deren Betreiber verantwortlich.<\/p>\n<!-- \/wp:paragraph -->","_et_gb_content_width":"","footnotes":""},"class_list":["post-183","page","type-page","status-publish","hentry"],"translation":{"provider":"WPGlobus","version":"3.0.2","language":"en","enabled_languages":["de","en"],"languages":{"de":{"title":true,"content":true,"excerpt":false},"en":{"title":false,"content":false,"excerpt":false}}},"_links":{"self":[{"href":"https:\/\/avt-deutschland.de\/en\/wp-json\/wp\/v2\/pages\/183","targetHints":{"allow":["GET"]}}],"collection":[{"href":"https:\/\/avt-deutschland.de\/en\/wp-json\/wp\/v2\/pages"}],"about":[{"href":"https:\/\/avt-deutschland.de\/en\/wp-json\/wp\/v2\/types\/page"}],"author":[{"embeddable":true,"href":"https:\/\/avt-deutschland.de\/en\/wp-json\/wp\/v2\/users\/1"}],"replies":[{"embeddable":true,"href":"https:\/\/avt-deutschland.de\/en\/wp-json\/wp\/v2\/comments?post=183"}],"version-history":[{"count":6,"href":"https:\/\/avt-deutschland.de\/en\/wp-json\/wp\/v2\/pages\/183\/revisions"}],"predecessor-version":[{"id":414,"href":"https:\/\/avt-deutschland.de\/en\/wp-json\/wp\/v2\/pages\/183\/revisions\/414"}],"wp:attachment":[{"href":"https:\/\/avt-deutschland.de\/en\/wp-json\/wp\/v2\/media?parent=183"}],"curies":[{"name":"wp","href":"https:\/\/api.w.org\/{rel}","templated":true}]}}