{"id":198,"date":"2019-11-13T10:59:42","date_gmt":"2019-11-13T10:59:42","guid":{"rendered":"http:\/\/avt-deutschland.de\/?page_id=198"},"modified":"2019-11-13T20:48:26","modified_gmt":"2019-11-13T20:48:26","slug":"home","status":"publish","type":"page","link":"https:\/\/avt-deutschland.de\/en\/","title":{"rendered":"Home"},"content":{"rendered":"<p>[et_pb_section fb_built=&#8221;1&#8243; _builder_version=&#8221;4.0.6&#8243;][et_pb_row _builder_version=&#8221;4.0.6&#8243;][et_pb_column type=&#8221;4_4&#8243; _builder_version=&#8221;4.0.6&#8243;][et_pb_text _builder_version=&#8221;4.0.6&#8243; hover_enabled=&#8221;0&#8243;]<\/p>\n<h1>Willkommen bei der AVT \u2013 Abf\u00fcll- und Verpackungstechnik GmbH<\/h1>\n<p>Die AVT &#8211; Abf\u00fcll- und Verpackungstechnik GmbH ist Ihr Full-Service-Spezialist f\u00fcr die Konzeption, Entwicklung und Herstellung von Produkten aus den Bereichen Reinigung, Pflege und Schutz.<\/p>\n<p>Wir unterst\u00fctzen Sie, wenn es darum geht, Produktl\u00f6sungen nach Ma\u00df f\u00fcr Sie umzusetzen.<\/p>\n<p>Durch unsere langj\u00e4hrigen Erfahrungen sind wir ein kompetenter Partner\u00a0in den Segmenten Haushalt, Auto, Kosmetik, Hobby und Garten.<\/p>\n<p>\u00a0<img loading=\"lazy\" decoding=\"async\" src=\"http:\/\/avt-deutschland.de\/wp-content\/uploads\/2019\/11\/startseite.jpg\" width=\"301\" height=\"254\" alt=\"\" class=\"wp-image-284 alignnone size-full\" style=\"float: right;\" \/><\/p>\n<p>[\/et_pb_text][\/et_pb_column][\/et_pb_row][\/et_pb_section]<\/p>\n","protected":false},"excerpt":{"rendered":"<p>Willkommen bei der AVT \u2013 Abf\u00fcll- und Verpackungstechnik GmbH Die AVT &#8211; Abf\u00fcll- und Verpackungstechnik GmbH ist Ihr Full-Service-Spezialist f\u00fcr die Konzeption, Entwicklung und Herstellung von Produkten aus den Bereichen Reinigung, Pflege und Schutz. Wir unterst\u00fctzen Sie, wenn es darum geht, Produktl\u00f6sungen nach Ma\u00df f\u00fcr Sie umzusetzen. Durch unsere langj\u00e4hrigen Erfahrungen sind wir ein kompetenter [&hellip;]<\/p>\n","protected":false},"author":1,"featured_media":0,"parent":0,"menu_order":0,"comment_status":"closed","ping_status":"closed","template":"","meta":{"_et_pb_use_builder":"on","_et_pb_old_content":"","_et_gb_content_width":"","footnotes":""},"class_list":["post-198","page","type-page","status-publish","hentry"],"translation":{"provider":"WPGlobus","version":"3.0.2","language":"en","enabled_languages":["de","en"],"languages":{"de":{"title":true,"content":true,"excerpt":false},"en":{"title":false,"content":false,"excerpt":false}}},"_links":{"self":[{"href":"https:\/\/avt-deutschland.de\/en\/wp-json\/wp\/v2\/pages\/198","targetHints":{"allow":["GET"]}}],"collection":[{"href":"https:\/\/avt-deutschland.de\/en\/wp-json\/wp\/v2\/pages"}],"about":[{"href":"https:\/\/avt-deutschland.de\/en\/wp-json\/wp\/v2\/types\/page"}],"author":[{"embeddable":true,"href":"https:\/\/avt-deutschland.de\/en\/wp-json\/wp\/v2\/users\/1"}],"replies":[{"embeddable":true,"href":"https:\/\/avt-deutschland.de\/en\/wp-json\/wp\/v2\/comments?post=198"}],"version-history":[{"count":10,"href":"https:\/\/avt-deutschland.de\/en\/wp-json\/wp\/v2\/pages\/198\/revisions"}],"predecessor-version":[{"id":321,"href":"https:\/\/avt-deutschland.de\/en\/wp-json\/wp\/v2\/pages\/198\/revisions\/321"}],"wp:attachment":[{"href":"https:\/\/avt-deutschland.de\/en\/wp-json\/wp\/v2\/media?parent=198"}],"curies":[{"name":"wp","href":"https:\/\/api.w.org\/{rel}","templated":true}]}}