{"id":208,"date":"2019-11-13T10:59:17","date_gmt":"2019-11-13T10:59:17","guid":{"rendered":"http:\/\/avt-deutschland.de\/?page_id=208"},"modified":"2025-02-07T12:29:17","modified_gmt":"2025-02-07T12:29:17","slug":"unternehmen","status":"publish","type":"page","link":"https:\/\/avt-deutschland.de\/en\/unternehmen\/","title":{"rendered":"Company"},"content":{"rendered":"<p>[et_pb_section fb_built=&#8221;1&#8243; _builder_version=&#8221;4.16&#8243; global_colors_info=&#8221;{}&#8221;][et_pb_row column_structure=&#8221;1_2,1_2&#8243; _builder_version=&#8221;4.16&#8243; global_colors_info=&#8221;{}&#8221;][et_pb_column type=&#8221;1_2&#8243; _builder_version=&#8221;4.16&#8243; global_colors_info=&#8221;{}&#8221;][et_pb_text _builder_version=&#8221;4.16&#8243; global_colors_info=&#8221;{}&#8221;]<\/p>\n<h1>Eine starke Familie<\/h1>\n<p>Die AVT &#8211; Abf\u00fcll- und Verpackungstechnik GmbH ist ein inhabergef\u00fchrtes, mittelst\u00e4ndisches Familienunternehmen mit Sitz in Wuppertal. Das Unternehmen wurde 1993 von Hans-J. Skotarek gegr\u00fcndet.<\/p>\n<p>In einem starken Wachstum entwickelte sich die AVT GmbH zu einem der f\u00fchrenden deutschen Full-Service Unternehmen f\u00fcr die Entwicklung, Herstellung, Abf\u00fcllung, Konfektionierung, Verpackung und den Transport von Reinigungs- und Pflegeprodukten.<\/p>\n<p>Mittlerweile arbeitet die gesamte Familie im Unternehmen und bildet zusammen mit engagierten Mitarbeitern ein starkes Team.<\/p>\n<p>Das Unternehmen bietet zurzeit 150 Arbeitspl\u00e4tze in der Region.<span id=\"_plain_text_marker\"><br \/> <\/span><\/p>\n<p>[\/et_pb_text][\/et_pb_column][et_pb_column type=&#8221;1_2&#8243; _builder_version=&#8221;4.16&#8243; global_colors_info=&#8221;{}&#8221;][\/et_pb_column][\/et_pb_row][et_pb_row _builder_version=&#8221;4.16&#8243; global_colors_info=&#8221;{}&#8221;][et_pb_column type=&#8221;4_4&#8243; _builder_version=&#8221;4.16&#8243; global_colors_info=&#8221;{}&#8221;][et_pb_text _builder_version=&#8221;4.16&#8243; global_colors_info=&#8221;{}&#8221;]<\/p>\n<h1>Unternehmensentwicklung<\/h1>\n<p>1993 Gr\u00fcndung des Unternehmens AVT Abf\u00fcll- und Verpackungstechnik GmbH<\/p>\n<p>1999 Produktionsneubau der AVT in Wuppertal-Vohwinkel<\/p>\n<p>2000 Inbetriebnahme der Produktionsst\u00e4tte in Wuppertal-Vohwinkel<\/p>\n<p>2003 Er\u00f6ffnung des Logistikstandortes in M\u00f6nchengladbach<\/p>\n<p>2007 Erweiterter Produktionsstandort in Langerwehe<\/p>\n<p>2009 Er\u00f6ffnung des Logistikstandortes in D\u00fcren<\/p>\n<p>2011 Ausbau der Aerosolproduktion in Wuppertal-Vohwinkel<\/p>\n<p>2012 Ausbau des Produktionsstandortes in Wuppertal-Ronsdorf<\/p>\n<p>2014 Ausbau der Fl\u00fcssigproduktion in Wuppertal-Ronsdorf<\/p>\n<p>[\/et_pb_text][\/et_pb_column][\/et_pb_row][et_pb_row _builder_version=&#8221;4.16&#8243; global_colors_info=&#8221;{}&#8221;][et_pb_column type=&#8221;4_4&#8243; _builder_version=&#8221;4.16&#8243; global_colors_info=&#8221;{}&#8221;][et_pb_text _builder_version=&#8221;4.16&#8243; global_colors_info=&#8221;{}&#8221;]<\/p>\n<h1>Leitbild<\/h1>\n<p>Die S\u00e4ulen unseres Erfolges bilden:<\/p>\n<ul>\n<li>Die besondere Qualit\u00e4t unserer Produkte<\/li>\n<li>Die hohe Flexibilit\u00e4t unserer Produktion<\/li>\n<li>Die Zuverl\u00e4ssigkeit sowie die Kunden- und Serviceorientierung unserer Mitarbeiter<\/li>\n<li>Die Innovationsfreude bei der Umsetzung neuer Produktideen<\/li>\n<\/ul>\n<p><img loading=\"lazy\" decoding=\"async\" src=\"http:\/\/avt-deutschland.de\/wp-content\/uploads\/2019\/11\/leitbild.jpg\" width=\"246\" height=\"286\" alt=\"\" class=\"wp-image-272 alignnone size-full\" style=\"float: right;\" \/><\/p>\n<p>[\/et_pb_text][\/et_pb_column][\/et_pb_row][\/et_pb_section]<\/p>\n","protected":false},"excerpt":{"rendered":"<p>Eine starke Familie Die AVT &#8211; Abf\u00fcll- und Verpackungstechnik GmbH ist ein inhabergef\u00fchrtes, mittelst\u00e4ndisches Familienunternehmen mit Sitz in Wuppertal. Das Unternehmen wurde 1993 von Hans-J. Skotarek gegr\u00fcndet. In einem starken Wachstum entwickelte sich die AVT GmbH zu einem der f\u00fchrenden deutschen Full-Service Unternehmen f\u00fcr die Entwicklung, Herstellung, Abf\u00fcllung, Konfektionierung, Verpackung und den Transport von Reinigungs- [&hellip;]<\/p>\n","protected":false},"author":1,"featured_media":0,"parent":0,"menu_order":0,"comment_status":"closed","ping_status":"closed","template":"","meta":{"_et_pb_use_builder":"on","_et_pb_old_content":"<!-- wp:divi\/placeholder \/-->","_et_gb_content_width":"","footnotes":""},"class_list":["post-208","page","type-page","status-publish","hentry"],"translation":{"provider":"WPGlobus","version":"3.0.2","language":"en","enabled_languages":["de","en"],"languages":{"de":{"title":true,"content":true,"excerpt":false},"en":{"title":true,"content":false,"excerpt":false}}},"_links":{"self":[{"href":"https:\/\/avt-deutschland.de\/en\/wp-json\/wp\/v2\/pages\/208","targetHints":{"allow":["GET"]}}],"collection":[{"href":"https:\/\/avt-deutschland.de\/en\/wp-json\/wp\/v2\/pages"}],"about":[{"href":"https:\/\/avt-deutschland.de\/en\/wp-json\/wp\/v2\/types\/page"}],"author":[{"embeddable":true,"href":"https:\/\/avt-deutschland.de\/en\/wp-json\/wp\/v2\/users\/1"}],"replies":[{"embeddable":true,"href":"https:\/\/avt-deutschland.de\/en\/wp-json\/wp\/v2\/comments?post=208"}],"version-history":[{"count":6,"href":"https:\/\/avt-deutschland.de\/en\/wp-json\/wp\/v2\/pages\/208\/revisions"}],"predecessor-version":[{"id":609,"href":"https:\/\/avt-deutschland.de\/en\/wp-json\/wp\/v2\/pages\/208\/revisions\/609"}],"wp:attachment":[{"href":"https:\/\/avt-deutschland.de\/en\/wp-json\/wp\/v2\/media?parent=208"}],"curies":[{"name":"wp","href":"https:\/\/api.w.org\/{rel}","templated":true}]}}