{"id":211,"date":"2019-11-13T10:59:59","date_gmt":"2019-11-13T10:59:59","guid":{"rendered":"http:\/\/avt-deutschland.de\/?page_id=211"},"modified":"2021-09-15T16:37:53","modified_gmt":"2021-09-15T16:37:53","slug":"leistungen","status":"publish","type":"page","link":"https:\/\/avt-deutschland.de\/en\/leistungen\/","title":{"rendered":"Services"},"content":{"rendered":"<p>[et_pb_section fb_built=&#8221;1&#8243; _builder_version=&#8221;4.0.6&#8243; custom_padding=&#8221;||0px|||&#8221; global_colors_info=&#8221;{}&#8221;][et_pb_row _builder_version=&#8221;4.0.6&#8243; global_colors_info=&#8221;{}&#8221;][et_pb_column type=&#8221;4_4&#8243; _builder_version=&#8221;4.0.6&#8243; global_colors_info=&#8221;{}&#8221;][et_pb_text _builder_version=&#8221;4.0.6&#8243; global_colors_info=&#8221;{}&#8221;]<\/p>\n<h1>Leistungen<\/h1>\n<p>Um sicher zu stellen, dass Sie ein optimales Endprodukt geliefert bekommen, erhalten Sie bei uns alle Leistungen aus einer Hand.<\/p>\n<ul>\n<li>Wir konzipieren oder ver\u00e4ndern Reinigungs- und Pflegeprodukte f\u00fcr Haushalt und Kosmetik, Industrie oder Handwerk<\/li>\n<li>Wir leisten Rezepturentwicklung, Produktdesign, Herstellung, Abf\u00fcllung, Konfektionierung, Verpackung und Transport<\/li>\n<li>Wir \u00fcbernehmen die Beratung und das Endkundenmanagement bei Fragen zum Produkt<\/li>\n<\/ul>\n<p>[\/et_pb_text][et_pb_image src=&#8221;https:\/\/avt-deutschland.de\/wp-content\/uploads\/2019\/11\/full_service.jpg&#8221; title_text=&#8221;full_service&#8221; align=&#8221;center&#8221; _builder_version=&#8221;4.10.7&#8243; _module_preset=&#8221;default&#8221; global_colors_info=&#8221;{}&#8221;][\/et_pb_image][\/et_pb_column][\/et_pb_row][\/et_pb_section][et_pb_section fb_built=&#8221;1&#8243; _builder_version=&#8221;4.0.6&#8243; custom_padding=&#8221;0px|||||&#8221; global_colors_info=&#8221;{}&#8221;][et_pb_row _builder_version=&#8221;4.0.6&#8243; global_colors_info=&#8221;{}&#8221;][et_pb_column type=&#8221;4_4&#8243; _builder_version=&#8221;4.0.6&#8243; global_colors_info=&#8221;{}&#8221;][et_pb_tabs active_tab_background_color=&#8221;#00375b&#8221; active_tab_text_color=&#8221;#ffffff&#8221; _builder_version=&#8221;4.10.7&#8243; tab_font_size=&#8221;11px&#8221; custom_margin=&#8221;||||false|false&#8221; custom_padding=&#8221;||||false|false&#8221; hover_enabled=&#8221;0&#8243; global_colors_info=&#8221;{}&#8221; sticky_enabled=&#8221;0&#8243;][et_pb_tab title=&#8221;Produktentwicklung&#8221; _builder_version=&#8221;4.10.7&#8243; hover_enabled=&#8221;0&#8243; global_colors_info=&#8221;{}&#8221; sticky_enabled=&#8221;0&#8243;]<\/p>\n<h1>Produktentwicklung<\/h1>\n<p>Als Produkt- und Warengruppenspezialist \u00fcbernehmen wir alle Leistungen von der Idee, \u00fcber die Analyse der Marktsituation, die Positionierung im jeweiligen Marktsegment, die Entwicklung der Rezeptur, die Herstellung des Produkts bis hin zur Zusammenstellung als Sortiment.<\/p>\n<p>Nutzen Sie unser Gesamtpaket und profitieren Sie durch die Synergieeffekte unseres Leistungsportfolios.<\/p>\n<p><img loading=\"lazy\" decoding=\"async\" src=\"https:\/\/avt-deutschland.de\/wp-content\/uploads\/2019\/11\/produktentwicklung-300x74.jpg\" width=\"300\" height=\"74\" alt=\"\" class=\"wp-image-276 alignnone size-medium\" style=\"display: block; margin-left: auto; margin-right: auto;\" \/><\/p>\n<p>&nbsp;<\/p>\n<h1>Marktforschung<\/h1>\n<p>Eine wichtige Grundlage unseres unternehmerischen Erfolges ist unsere genaue Marktkenntnis. Wir\u00a0verstehen den\u00a0Markt und die\u00a0jeweils\u00a0angestrebte Zielgruppe.<\/p>\n<p>Schnelligkeit ist heute eine der wichtigsten ma\u00dfgebenden Gr\u00f6\u00dfen. Aus diesem Grund analysieren wir kontinuierlich die aktuellen Entwicklungen, um Trends fr\u00fchzeitig zu erkennen und diese mit innovativen Produktideen aufzugreifen.<\/p>\n<p>Zus\u00e4tzlich f\u00fchren wir in regelm\u00e4\u00dfigen Abst\u00e4nden, gemeinsam mit unseren Partnern, repr\u00e4sentative und speziell auf die ausgew\u00e4hlte Zielgruppe abgestimmte Kundenanalysen und Produkttests durch.<\/p>\n<p><img loading=\"lazy\" decoding=\"async\" src=\"http:\/\/avt-deutschland.de\/wp-content\/uploads\/2019\/11\/markforschung.jpg\" width=\"306\" height=\"259\" alt=\"\" class=\"wp-image-273 alignnone size-full\" srcset=\"https:\/\/avt-deutschland.de\/wp-content\/uploads\/2019\/11\/markforschung.jpg 306w, https:\/\/avt-deutschland.de\/wp-content\/uploads\/2019\/11\/markforschung-300x254.jpg 300w\" sizes=\"(max-width: 306px) 100vw, 306px\" \/><\/p>\n<h1>Produktdesign<\/h1>\n<p>Die endg\u00fcltige Kaufentscheidung f\u00e4llt beim Griff ins Regal, daher spielt die Gestaltung der Verpackung, das Design, das Dekor sowie die aufmerksamkeitsstarke Auslobung der relevanten Produkt USP\u00b4s eine entscheidende Rolle.<\/p>\n<p>Aus diesem Grund \u00fcbernehmen wir f\u00fcr Sie, gemeinsam mit unseren Werbespezialisten, aufbauend auf den gewonnen Erkenntnissen aus den Kundenanalysen und unseres langj\u00e4hrigen Know-Hows, das gesamte Packaging des Produkts.<\/p>\n<p><img loading=\"lazy\" decoding=\"async\" src=\"http:\/\/avt-deutschland.de\/wp-content\/uploads\/2019\/11\/produktdesign.jpg\" width=\"246\" height=\"286\" alt=\"\" class=\"wp-image-275 alignnone size-full\" \/><\/p>\n<p>[\/et_pb_tab][et_pb_tab title=&#8221;Labor&#8221; _builder_version=&#8221;4.0.6&#8243; global_colors_info=&#8221;{}&#8221;]<\/p>\n<h1>Labor<\/h1>\n<p>Wir verf\u00fcgen \u00fcber ein Entwicklungslabor mit einer umfangreichen Laborausstattung.<\/p>\n<p>Neue, im Labor entwickelte Rezepturen werden regelm\u00e4\u00dfig von unabh\u00e4ngigen Instituten sowie von Probanden getestet.<\/p>\n<table>\n<tbody>\n<tr>\n<td>\n<p>Leistungen:<\/p>\n<ul>\n<li>Entwicklung neuer innovativer Rezepturen einschlie\u00dflich<br \/> der Auswahl geeigneter Einsatzstoffe und Herstellungsverfahren<\/li>\n<li>Optimierung bestehender Rezepturen und \/ oder<br \/> Verfahren an die herrschenden Marktanforderungen<\/li>\n<li>Herstellung von Pilot-Chargen f\u00fcr das Scaling-Up<br \/> auf den Produktions-Ma\u00dfstab<\/li>\n<li>Wissenschaftliche und technische Beratung<\/li>\n<li>Beratung hinsichtlich der aktuellen gesetzlichen Bestimmungen<\/li>\n<\/ul>\n<\/td>\n<td><img loading=\"lazy\" decoding=\"async\" src=\"http:\/\/avt-deutschland.de\/wp-content\/uploads\/2019\/11\/labor.jpg\" width=\"246\" height=\"286\" alt=\"\" class=\"wp-image-269 alignnone size-full\" \/><\/td>\n<\/tr>\n<\/tbody>\n<\/table>\n<p>[\/et_pb_tab][et_pb_tab title=&#8221;Verwaltung&#8221; _builder_version=&#8221;4.0.6&#8243; global_colors_info=&#8221;{}&#8221;]<\/p>\n<h1>Auftragsbearbeitung<\/h1>\n<p>Die Administration arbeitet mit den neusten Softwarel\u00f6sungen und -programmen, zur Gew\u00e4hrleistung eines effizienten und sicheren Arbeitsprozesses.<\/p>\n<p>Die Auftragsannahme und Abwicklung kann elektronisch per Electronic Data Interchange (EDI) erfolgen.<\/p>\n<p>\u00a0<img loading=\"lazy\" decoding=\"async\" src=\"http:\/\/avt-deutschland.de\/wp-content\/uploads\/2019\/11\/administration.jpg\" width=\"246\" height=\"286\" alt=\"\" class=\"wp-image-298 alignnone size-full\" style=\"float: right;\" \/><\/p>\n<p>[\/et_pb_tab][et_pb_tab title=&#8221;Produktverpackung&#8221; _builder_version=&#8221;4.0.6&#8243; global_colors_info=&#8221;{}&#8221;]<\/p>\n<h1>Produktverpackung<\/h1>\n<p>In Zusammenarbeit mit unseren erfahrenen Industriedesignern entwickeln wir funktionelle, ansprechende und kosteneffiziente Produktverpackungen oder optimieren bestehende.<\/p>\n<p>Ob individuell oder standard, Ziel ist die perfekte Produktverpackung: die optimale Kombination aus Funktionalit\u00e4t und optischer Kundenansprache.<\/p>\n<p>Wir \u00fcbernehmen ebenfalls die Produktkennzeichnungen gem\u00e4\u00df der geltenden gesetzlichen Grundlagen.<\/p>\n<p>Die Verpackung wird in ihrer Entwicklungsphase Anwendungs-, Transport- und Verbrauchertests unterzogen.<\/p>\n<p><img loading=\"lazy\" decoding=\"async\" src=\"http:\/\/avt-deutschland.de\/wp-content\/uploads\/2019\/11\/produktverpackung.png\" width=\"449\" height=\"330\" alt=\"\" class=\"wp-image-280 alignnone size-full\" style=\"float: right;\" srcset=\"https:\/\/avt-deutschland.de\/wp-content\/uploads\/2019\/11\/produktverpackung.png 449w, https:\/\/avt-deutschland.de\/wp-content\/uploads\/2019\/11\/produktverpackung-300x220.png 300w\" sizes=\"(max-width: 449px) 100vw, 449px\" \/><\/p>\n<p>[\/et_pb_tab][et_pb_tab title=&#8221;Herstellung&#8221; _builder_version=&#8221;4.0.6&#8243; global_colors_info=&#8221;{}&#8221;]<\/p>\n<h1>Herstellung<\/h1>\n<p>Moderne Produktionsanlagen, hohe Mitarbeiterqualifikation und \u2013motivation sowie ein optimierter Materialfluss sind die Grundlage unserer effizienten Produktion.<\/p>\n<p>Die Herstellung umfasst alle Arten niedrig- bis hochviskoser Fl\u00fcssigkeiten.<\/p>\n<p>Das Ansetzen der Produkte und die Mischung wird in der hauseigenen Mischerei durchgef\u00fchrt. Abgef\u00fcllt wird in Flaschen, Tuben und Aerosoldosen.<\/p>\n<h2>Konfektionierung<\/h2>\n<p>Die Konfektionierung wird voll- und teilautomatisiert durchgef\u00fchrt. Die Verpackungsformen und -arten reichen von der Standardverpackung bis hin zur speziellen Einzell\u00f6sung.<\/p>\n<p>Die Produktionslinien sind mit modernsten Kontrolleinrichtungen ausger\u00fcstet, die einen reibungslosen und fehlerfreien Ablauf garantieren.<\/p>\n<p>Das Beipacken von Produktbeilagen wie Brosch\u00fcren, Dosierhilfen, etc. sowie das Verschwei\u00dfen und B\u00fcndeln der Packungen ist m\u00f6glich.<\/p>\n<p>Aufgrund der optimierten Arbeitsprozesse sind wir in der Lage, auch kurzfristige und gr\u00f6\u00dfere Produktionsanfragen erfolgreich zu bew\u00e4ltigen.<\/p>\n<h2>Produktionstechnik<\/h2>\n<p>Es stehen jeweils mehrere Abf\u00fclllinien f\u00fcr folgende Bereiche zur Verf\u00fcgung:<\/p>\n<ul>\n<li>Aerosole<\/li>\n<li>Fl\u00fcssigkeiten<\/li>\n<li>Pasten<\/li>\n<li>Gele<\/li>\n<\/ul>\n<p>Es gibt einen abgeschirmten Bereich mit Ex-Installationen (Zone 2) zur Verarbeitung und Herstellung<br \/>von brennbaren Produkten sowie spezielle Abf\u00fclllinien f\u00fcr chlorhaltige Reiniger.<\/p>\n<p>Hochviskose und brennbare Produkte k\u00f6nnen gleicherma\u00dfen hergestellt und abgef\u00fcllt werden.<\/p>\n<h2>Geb\u00e4udetechnik<\/h2>\n<p>Die Geb\u00e4ude sind nach modernsten Erkenntnissen hinsichtlich prozessoptimierter Produktion, Sicherheitstechnik, Arbeitsschutz, Umweltschutz und elektronischer Vernetzung (Prozessleittechnik) erstellt.<\/p>\n<p>Spezielle raumlufttechnische Anlagen sorgen f\u00fcr die Einhaltung der\u00a0MAK- und Emissionsschutzrichtlinien.<\/p>\n<p>Zum besonderen Schutz der Umwelt sind gesonderte Entw\u00e4sserungs- und Wasserr\u00fcckhaltesysteme f\u00fcr die Verarbeitung von wassergef\u00e4hrdenden Substanzen installiert.<\/p>\n<p>[\/et_pb_tab][et_pb_tab title=&#8221;Abf\u00fcllung&#8221; _builder_version=&#8221;4.0.6&#8243; global_colors_info=&#8221;{}&#8221;]<\/p>\n<h1>Abf\u00fcllungsarten<\/h1>\n<h3>Aerosole<\/h3>\n<p>Im Bereich Aerosole konfektionieren wir Gebinde von 25 ml bis 1.000 ml aus Wei\u00dfblech, Aluminium oder Glas.<\/p>\n<h3>Fl\u00fcssigkeiten und Gele<\/h3>\n<p>Hoch- und niedrigviskose bzw. brennbare Fl\u00fcssigkeiten werden in Gebinde aus Plastik, Metall und Glas mit Inhalten von 25 ml bis 10.000 ml (kalt oder warm) abgef\u00fcllt.<\/p>\n<p>Die halbfesten Darreichungsformen werden in Tuben (Aluminium-, Kunststoff- oder Kunststofflaminattuben) gef\u00fcllt. F\u00fcllmengen im Bereich von 50 ml bis 300 ml sind m\u00f6glich.<\/p>\n<h3>Pasten<\/h3>\n<p>Die Verarbeitung von Pasten in Dosen, Tiegeln oder auf Tubenabf\u00fclllinien erfolgt in Volumina von 50 ml bis 300 ml.<\/p>\n<h3>Sonderformen<\/h3>\n<p>F\u00fcr die Abf\u00fcllung von Sonderformen entwickeln wir gerne L\u00f6sungen nach Ma\u00df.<\/p>\n<p>Wir bieten flexible Abf\u00fclltechniken sowie die Verwendung von Kassetten.<\/p>\n<p>Diese erm\u00f6glichen die Handhabung komplexer und individueller Packmittel.<\/p>\n<h3>Kanister, Fass\u00a0&amp; Container Abf\u00fcllung<\/h3>\n<p>Eine Kanister-, Fass- und Container Abf\u00fcllung von 20 l bis 1.000 l ist in Einzelf\u00e4llen m\u00f6glich.<\/p>\n<p>[\/et_pb_tab][et_pb_tab title=&#8221;Qualit\u00e4tskontrolle&#8221; _builder_version=&#8221;4.10.7&#8243; hover_enabled=&#8221;0&#8243; global_colors_info=&#8221;{}&#8221; sticky_enabled=&#8221;0&#8243;]<\/p>\n<h1>Qualit\u00e4tskontrolle<\/h1>\n<p>Von den Rohstoffen, \u00fcber die Fertigung, bis hin zum fertigen Produkt, werden die einzelnen Schritte der Produktion kontrolliert.<\/p>\n<p>Somit wird eine gleichbleibend hohe Qualit\u00e4t der Produkte gew\u00e4hrleistet.<\/p>\n<p>\u00a0<img loading=\"lazy\" decoding=\"async\" src=\"https:\/\/avt-deutschland.de\/wp-content\/uploads\/2019\/11\/qualitaet-300x167.jpg\" width=\"300\" height=\"167\" alt=\"\" class=\"wp-image-281 alignnone size-medium\" style=\"display: block; margin-left: auto; margin-right: auto;\" \/><\/p>\n<p>[\/et_pb_tab][et_pb_tab title=&#8221;Lagerhaltung&#8221; _builder_version=&#8221;4.0.6&#8243; global_colors_info=&#8221;{}&#8221;]<\/p>\n<h1>Lagerhaltung<\/h1>\n<p>Wir unterst\u00fctzen unsere Produktion durch ein Lager- und Logistikzentrum mit \u00fcber 30.000 qm Fl\u00e4che.<\/p>\n<p>Es besteht aus einem Rohstoff-, Packstoff- und Fertigwaren-Hochregallager sowie einem gesonderten Bereich f\u00fcr die Gefahrstofflagerung.<\/p>\n<p>Alle Hallenlagerfl\u00e4chen sind beheizt. Zum Transport der Waren stehen modernste Flurf\u00f6rderfahrzeuge bereit.<\/p>\n<p>Die Datenerfassung, Bestandsf\u00fchrung sowie die Ein- und Auslagerung erfolgt Barcodegesteuert.<\/p>\n<p><img loading=\"lazy\" decoding=\"async\" src=\"http:\/\/avt-deutschland.de\/wp-content\/uploads\/2019\/11\/lagerhaltung.jpg\" width=\"240\" height=\"274\" alt=\"\" class=\"wp-image-270 alignnone size-full\" style=\"float: right;\" \/><\/p>\n<h1><\/h1>\n<h1><\/h1>\n<h1><\/h1>\n<h1><\/h1>\n<h1>Logistik<\/h1>\n<p>Unser firmeneigenes Logistikzentrum sorgt f\u00fcr das richtige Produkt, am richtigen Ort, zur richtigen Zeit.<\/p>\n<p>Wir \u00fcbernehmen dabei auch die Abwicklung aller Zollformalit\u00e4ten.<\/p>\n<p>Eine hohe Kosteneffizienz, auch bei dezentraler Lieferung, sowie umweltgerechtes Handeln durch das nutzen von Synergieeffekten, geh\u00f6ren ebenso dazu wie die termingerechte Lieferung.<\/p>\n<p>Durch unsere umfangreichen Serviceleistungen im Bereich Logistik sorgen wir f\u00fcr ein hohes Ma\u00df an Kundenzufriedenheit.<\/p>\n<p><img loading=\"lazy\" decoding=\"async\" src=\"http:\/\/avt-deutschland.de\/wp-content\/uploads\/2019\/11\/transport.jpg\" width=\"246\" height=\"286\" alt=\"\" class=\"wp-image-285 alignnone size-full\" style=\"float: right;\" \/><\/p>\n<p>[\/et_pb_tab][\/et_pb_tabs][\/et_pb_column][\/et_pb_row][\/et_pb_section]<\/p>\n","protected":false},"excerpt":{"rendered":"<p>Leistungen Um sicher zu stellen, dass Sie ein optimales Endprodukt geliefert bekommen, erhalten Sie bei uns alle Leistungen aus einer Hand. Wir konzipieren oder ver\u00e4ndern Reinigungs- und Pflegeprodukte f\u00fcr Haushalt und Kosmetik, Industrie oder Handwerk Wir leisten Rezepturentwicklung, Produktdesign, Herstellung, Abf\u00fcllung, Konfektionierung, Verpackung und Transport Wir \u00fcbernehmen die Beratung und das Endkundenmanagement bei Fragen zum [&hellip;]<\/p>\n","protected":false},"author":1,"featured_media":0,"parent":0,"menu_order":0,"comment_status":"closed","ping_status":"closed","template":"","meta":{"_et_pb_use_builder":"on","_et_pb_old_content":"<!-- wp:divi\/placeholder \/-->","_et_gb_content_width":"","footnotes":""},"class_list":["post-211","page","type-page","status-publish","hentry"],"translation":{"provider":"WPGlobus","version":"3.0.2","language":"en","enabled_languages":["de","en"],"languages":{"de":{"title":true,"content":true,"excerpt":false},"en":{"title":true,"content":false,"excerpt":false}}},"_links":{"self":[{"href":"https:\/\/avt-deutschland.de\/en\/wp-json\/wp\/v2\/pages\/211","targetHints":{"allow":["GET"]}}],"collection":[{"href":"https:\/\/avt-deutschland.de\/en\/wp-json\/wp\/v2\/pages"}],"about":[{"href":"https:\/\/avt-deutschland.de\/en\/wp-json\/wp\/v2\/types\/page"}],"author":[{"embeddable":true,"href":"https:\/\/avt-deutschland.de\/en\/wp-json\/wp\/v2\/users\/1"}],"replies":[{"embeddable":true,"href":"https:\/\/avt-deutschland.de\/en\/wp-json\/wp\/v2\/comments?post=211"}],"version-history":[{"count":10,"href":"https:\/\/avt-deutschland.de\/en\/wp-json\/wp\/v2\/pages\/211\/revisions"}],"predecessor-version":[{"id":439,"href":"https:\/\/avt-deutschland.de\/en\/wp-json\/wp\/v2\/pages\/211\/revisions\/439"}],"wp:attachment":[{"href":"https:\/\/avt-deutschland.de\/en\/wp-json\/wp\/v2\/media?parent=211"}],"curies":[{"name":"wp","href":"https:\/\/api.w.org\/{rel}","templated":true}]}}