{"id":213,"date":"2019-11-13T11:00:13","date_gmt":"2019-11-13T11:00:13","guid":{"rendered":"http:\/\/avt-deutschland.de\/?page_id=213"},"modified":"2019-11-14T08:19:57","modified_gmt":"2019-11-14T08:19:57","slug":"produktionsbereich","status":"publish","type":"page","link":"https:\/\/avt-deutschland.de\/en\/produktionsbereich\/","title":{"rendered":"Branch of production"},"content":{"rendered":"<p>[et_pb_section fb_built=&#8221;1&#8243; _builder_version=&#8221;4.0.6&#8243;][et_pb_row _builder_version=&#8221;4.0.6&#8243;][et_pb_column type=&#8221;4_4&#8243; _builder_version=&#8221;4.0.6&#8243;][et_pb_text _builder_version=&#8221;4.0.6&#8243;]<\/p>\n<h1>Produktionsbereich<\/h1>\n<p>Bei den nachfolgend aufgef\u00fchrten Artikeln handelt es sich um einen Auszug der am h\u00e4ufigsten produzierten Produkte.<\/p>\n<p>Alle Informationen,&nbsp;entsprechend der Detergenzienverordnung, zu den von uns hergestellten Produkten finden&nbsp;Sie&nbsp;unter <a href=\"http:\/\/www.e-avt.com\">www.e-avt.com<\/a><\/p>\n<p>&nbsp;<\/p>\n<p>[\/et_pb_text][\/et_pb_column][\/et_pb_row][et_pb_row _builder_version=&#8221;4.0.6&#8243;][et_pb_column _builder_version=&#8221;4.0.6&#8243; type=&#8221;4_4&#8243;][et_pb_text _builder_version=&#8221;4.0.6&#8243; hover_enabled=&#8221;0&#8243;]<\/p>\n<h1>Haushalt<\/h1>\n<h3>Reinigung und Pflege<\/h3>\n<table style=\"margin-left: auto; margin-right: auto;\">\n<tbody>\n<tr style=\"text-align: left;\">\n<td style=\"text-align: left; vertical-align: top;\">\n<p><strong>Aerosol<\/strong><\/p>\n<ul>\n<li><span>Backofenreiniger<\/span><\/li>\n<li><span>Kaminglasreiniger<\/span><\/li>\n<li><span>Bad- und Wannenspray<\/span><\/li>\n<li><span>Glas Reiniger Schaum<\/span><\/li>\n<li><span>K\u00fcchenreiniger Schaum<\/span><\/li>\n<li><span>WC Reiniger Schaum<\/span><\/li>\n<li><span>Teppich- und Polsterreiniger Schaum<\/span><\/li>\n<li><span>Spr\u00fchst\u00e4rke<\/span><\/li>\n<li><span>B\u00fcgelhilfe<\/span><\/li>\n<li><span>M\u00f6belspray classic<\/span><\/li>\n<li><span>M\u00f6belspray antistatic<\/span><\/li>\n<li><span>Milbenspray<\/span><\/li>\n<li><span>Hygiene Spray<\/span><\/li>\n<li><span>Impr\u00e4gnierspray<\/span><\/li>\n<li><span>Chrom- und Edelstahlreiniger<\/span><\/li>\n<li><span>Gartengrill Reiniger<\/span><\/li>\n<li><span>Raumspray<\/span><\/li>\n<li><span>Geruchsneutralisierer<\/span><\/li>\n<li><span>Silikon- und Gleitspray<\/span><\/li>\n<\/ul>\n<\/td>\n<td style=\"text-align: left; vertical-align: top;\">\n<p><strong>Fl\u00fcssige Pumpsprays<\/strong><\/p>\n<ul>\n<li><span>Power Reiniger<\/span><\/li>\n<li><span>Multi Fettl\u00f6ser<\/span><\/li>\n<li><span>Badreiniger<\/span><\/li>\n<li><span>Kalkreiniger<\/span><\/li>\n<li><span>Fettreiniger<\/span><\/li>\n<li><span>Glas Reiniger<\/span><\/li>\n<li><span>Schimmelentferner<\/span><\/li>\n<li><span>Allzweck Tiefen Hygiene<\/span><\/li>\n<li><span>Chlorhygiene<\/span><\/li>\n<li><span>Kunststoff Reiniger<\/span><\/li>\n<li><span>Edelstahlreiniger<\/span><\/li>\n<li><span>Glaskeramikreiniger<\/span><\/li>\n<li><span>Lederpflege<\/span><\/li>\n<li><span>Fleckentferner<\/span><\/li>\n<li><span>Vorwaschspray<\/span><\/li>\n<li><span>Geruchsneutralisierer f\u00fcr<br \/> Textilien und Teppiche<\/span><\/li>\n<li><span>Backofenreiniger<\/span><\/li>\n<li><span>Hygiene Spray<\/span><\/li>\n<\/ul>\n<\/td>\n<td style=\"text-align: left; vertical-align: top;\">\n<p><strong>Fl\u00fcssige Produkte<\/strong><\/p>\n<ul>\n<li><span>Sp\u00fclmittel<\/span><\/li>\n<li><span>Essigreiniger<\/span><\/li>\n<li><span>Allzweckreiniger<\/span><\/li>\n<li><span>Power Universalreiniger<\/span><\/li>\n<li><span>Neutralreiniger<\/span><\/li>\n<li><span>Boden Vollglanzpflege<\/span><\/li>\n<li><span>Parkett- und Laminat Pflege<\/span><\/li>\n<li><span>Grundreiniger<\/span><\/li>\n<li><span>Rohrreiniger Gel<\/span><\/li>\n<li><span>Hygienereiniger<\/span><\/li>\n<li><span>Chlorreiniger<\/span><\/li>\n<li><span>Hygienereiniger<\/span><\/li>\n<li><span>Maschinenpflege<\/span><\/li>\n<li><span>Maschinen Entkalker<\/span><\/li>\n<li><span>Chlor Hygiene Reiniger<\/span><\/li>\n<li><span>Bleichmittel<\/span><\/li>\n<\/ul>\n<\/td>\n<\/tr>\n<tr>\n<td style=\"text-align: left; vertical-align: top;\">\n<p><strong>WC Hygiene<\/strong><\/p>\n<ul>\n<li><span>WC Gel mit Korb<\/span><\/li>\n<li><span>WC Fl\u00fcssigblock mit Korb<\/span><\/li>\n<li><span>WC Reiniger Fl\u00fcssig<\/span><\/li>\n<li><span>WC Hygiene Gel<\/span><\/li>\n<li><span>Urinsteinl\u00f6ser<\/span><\/li>\n<\/ul>\n<\/td>\n<td style=\"text-align: left; vertical-align: top;\">\n<p><strong>Raumluftverbesserer<\/strong><\/p>\n<ul>\n<li><span>Duftgele<\/span><\/li>\n<li><span>WC Spray<\/span><\/li>\n<li><span>Raumspray<\/span><\/li>\n<li><span>Minispray<\/span><\/li>\n<li><span>Geruchsneutralisierer<\/span><\/li>\n<li><span>Geruchsneutralisierer 3in1<\/span><\/li>\n<li><span>Duftvase<\/span><\/li>\n<\/ul>\n<\/td>\n<td style=\"text-align: left; vertical-align: top;\">\n<p><strong>Desinfektionsmittel<\/strong><\/p>\n<ul>\n<li><span>Hygiene Spray<\/span><\/li>\n<li><span>W\u00e4sche Hygiene Sp\u00fcler<\/span><\/li>\n<li><span>WC Hygiene Gel<\/span><\/li>\n<li><span>Chlor Hygiene Reiniger<\/span><\/li>\n<li><span>Schimmelentferner<\/span><\/li>\n<\/ul>\n<\/td>\n<\/tr>\n<tr>\n<td style=\"text-align: left; vertical-align: top;\">\n<p><strong>W\u00e4schepflege<\/strong><\/p>\n<ul>\n<li><span>W\u00e4schesteife<\/span><\/li>\n<li><span>Gardinenwaschmittel<\/span><\/li>\n<li><span>Gardinenwei\u00df<\/span><\/li>\n<li><span>Woll- und Feinwaschmittel<\/span><\/li>\n<li><span>Wollwaschmittel<\/span><\/li>\n<li><span>Feinwaschmittel<\/span><\/li>\n<li><span>Schwarzwaschmittel<\/span><\/li>\n<li><span>Gallseife<\/span><\/li>\n<li><span>Gallseife mit B\u00fcrste<\/span><\/li>\n<li><span>Vorwaschspray<\/span><\/li>\n<li><span>Fleckentferner Spray<\/span><\/li>\n<li><span>Hygiene Sp\u00fcler Desinfizierend<\/span><\/li>\n<\/ul>\n<\/td>\n<td style=\"text-align: left; vertical-align: top;\">\n<p><strong>Spezialprodukte<\/strong><\/p>\n<ul>\n<li><span>Reisewaschmittel in der Tube<\/span><\/li>\n<li><span>Handwaschpaste<\/span><\/li>\n<li><span>Metallpolitur in der Tube<\/span><\/li>\n<li><span>Autopolituren<\/span><\/li>\n<li><span>Putzstein<\/span><\/li>\n<li><span>Steinreiniger<\/span><\/li>\n<li><span>Bio Reinigungsmittel<\/span><\/li>\n<li><span>Grillanz\u00fcnder<\/span><\/li>\n<li><span>Brennspiritus<\/span><\/li>\n<li><span>Insektizide<\/span><\/li>\n<li><span>Pflanzenpflege<\/span><\/li>\n<\/ul>\n<\/td>\n<td style=\"text-align: left; vertical-align: top;\"><\/td>\n<\/tr>\n<\/tbody>\n<\/table>\n<p>[\/et_pb_text][\/et_pb_column][\/et_pb_row][et_pb_row _builder_version=&#8221;4.0.6&#8243;][et_pb_column _builder_version=&#8221;4.0.6&#8243; type=&#8221;4_4&#8243;][et_pb_text _builder_version=&#8221;4.0.6&#8243; hover_enabled=&#8221;0&#8243;]<\/p>\n<h1>Haarpflege und K\u00f6rperpflege<\/h1>\n<table border=\"0\" cellspacing=\"0\" cellpadding=\"0\">\n<tbody>\n<tr>\n<td valign=\"top\">\n<p><strong>Haar<\/strong><\/p>\n<ul>\n<li><span>Schaumfestiger<\/span><\/li>\n<li><span>Haarspray<\/span><\/li>\n<li><span>Haarlack<\/span><\/li>\n<\/ul>\n<\/td>\n<td valign=\"top\">\n<p><strong>K\u00f6rper<\/strong><\/p>\n<ul>\n<li><span>Deo Spray<\/span><\/li>\n<li><span>Rasierschaum<\/span><\/li>\n<li><span>Duschschaum<\/span><\/li>\n<li><span>Schuh Deo<\/span><\/li>\n<li><span>Fu\u00df Deo<\/span><\/li>\n<li><span>Hautpflege Schaum<\/span><\/li>\n<li><span>Duschschaum Schlange f\u00fcr Kinder<\/span><\/li>\n<li><span>K\u00f6rperpflege Mousse<\/span><\/li>\n<li><span>Handwaschpaste<\/span><\/li>\n<\/ul>\n<\/td>\n<\/tr>\n<\/tbody>\n<\/table>\n<p>[\/et_pb_text][\/et_pb_column][\/et_pb_row][et_pb_row _builder_version=&#8221;4.0.6&#8243;][et_pb_column _builder_version=&#8221;4.0.6&#8243; type=&#8221;4_4&#8243;][et_pb_text _builder_version=&#8221;4.0.6&#8243; hover_enabled=&#8221;0&#8243;]<\/p>\n<h1>Auto und Hobby<\/h1>\n<table border=\"0\" cellspacing=\"0\" cellpadding=\"0\">\n<tbody>\n<tr>\n<td valign=\"top\">\n<ul>\n<li><span>Autowachs<\/span><\/li>\n<li><span>Felgenreiniger<\/span><\/li>\n<li><span>Scheibenreiniger Konzentrat<\/span><\/li>\n<li><span>Bremsenreiniger<\/span><\/li>\n<li><span>Scheibenenteiser<\/span><\/li>\n<li><span>Reifenpflege<\/span><\/li>\n<li><span>Kunststoffpflege<\/span><\/li>\n<li><span>Cockpitpflege<\/span><\/li>\n<li><span>Glas Reiniger<\/span><\/li>\n<li><span>Insektenentferner<\/span><\/li>\n<li><span>Scheibenreiniger -70 Grad<\/span><\/li>\n<li><span>Polsterreiniger<\/span><\/li>\n<li><span>Lederpflege<\/span><\/li>\n<li><span>T\u00fcrschlo\u00dfenteiser<\/span><\/li>\n<li><span>Rostl\u00f6ser<\/span><\/li>\n<li><span>Gleit- und Schmierfettspray<\/span><\/li>\n<li><span>Silikon\u00f6l<\/span><\/li>\n<li><span>Multispray<\/span><\/li>\n<li><span>Schmierfettspray<\/span><\/li>\n<li><span>Spiritus<\/span><\/li>\n<li><span>Shampoo<\/span><\/li>\n<li><span>Wasch- und Wachs<\/span><\/li>\n<li><span>Autopolitur<\/span><\/li>\n<li><span>Chrompolitur<\/span><\/li>\n<li><span>K\u00fchlerfrostschutz<\/span><\/li>\n<li><span>Werkstattreiniger<\/span><\/li>\n<li><span>\u00d6lfleckentferner<\/span><\/li>\n<\/ul>\n<\/td>\n<\/tr>\n<\/tbody>\n<\/table>\n<p>[\/et_pb_text][\/et_pb_column][\/et_pb_row][\/et_pb_section]<\/p>\n","protected":false},"excerpt":{"rendered":"<p>Produktionsbereich Bei den nachfolgend aufgef\u00fchrten Artikeln handelt es sich um einen Auszug der am h\u00e4ufigsten produzierten Produkte. Alle Informationen,&nbsp;entsprechend der Detergenzienverordnung, zu den von uns hergestellten Produkten finden&nbsp;Sie&nbsp;unter www.e-avt.com &nbsp;Haushalt Reinigung und Pflege Aerosol Backofenreiniger Kaminglasreiniger Bad- und Wannenspray Glas Reiniger Schaum K\u00fcchenreiniger Schaum WC Reiniger Schaum Teppich- und Polsterreiniger Schaum Spr\u00fchst\u00e4rke B\u00fcgelhilfe M\u00f6belspray classic [&hellip;]<\/p>\n","protected":false},"author":1,"featured_media":0,"parent":0,"menu_order":0,"comment_status":"closed","ping_status":"closed","template":"","meta":{"_et_pb_use_builder":"on","_et_pb_old_content":"<!-- wp:divi\/placeholder \/-->","_et_gb_content_width":"","footnotes":""},"class_list":["post-213","page","type-page","status-publish","hentry"],"translation":{"provider":"WPGlobus","version":"3.0.2","language":"en","enabled_languages":["de","en"],"languages":{"de":{"title":true,"content":true,"excerpt":false},"en":{"title":true,"content":false,"excerpt":false}}},"_links":{"self":[{"href":"https:\/\/avt-deutschland.de\/en\/wp-json\/wp\/v2\/pages\/213","targetHints":{"allow":["GET"]}}],"collection":[{"href":"https:\/\/avt-deutschland.de\/en\/wp-json\/wp\/v2\/pages"}],"about":[{"href":"https:\/\/avt-deutschland.de\/en\/wp-json\/wp\/v2\/types\/page"}],"author":[{"embeddable":true,"href":"https:\/\/avt-deutschland.de\/en\/wp-json\/wp\/v2\/users\/1"}],"replies":[{"embeddable":true,"href":"https:\/\/avt-deutschland.de\/en\/wp-json\/wp\/v2\/comments?post=213"}],"version-history":[{"count":5,"href":"https:\/\/avt-deutschland.de\/en\/wp-json\/wp\/v2\/pages\/213\/revisions"}],"predecessor-version":[{"id":343,"href":"https:\/\/avt-deutschland.de\/en\/wp-json\/wp\/v2\/pages\/213\/revisions\/343"}],"wp:attachment":[{"href":"https:\/\/avt-deutschland.de\/en\/wp-json\/wp\/v2\/media?parent=213"}],"curies":[{"name":"wp","href":"https:\/\/api.w.org\/{rel}","templated":true}]}}