{"id":215,"date":"2019-11-13T11:00:28","date_gmt":"2019-11-13T11:00:28","guid":{"rendered":"http:\/\/avt-deutschland.de\/?page_id=215"},"modified":"2019-11-13T21:31:13","modified_gmt":"2019-11-13T21:31:13","slug":"umweltschutz","status":"publish","type":"page","link":"https:\/\/avt-deutschland.de\/en\/umweltschutz\/","title":{"rendered":"Enviorment protection"},"content":{"rendered":"<p>[et_pb_section fb_built=&#8221;1&#8243; _builder_version=&#8221;4.0.6&#8243;][et_pb_row _builder_version=&#8221;4.0.6&#8243;][et_pb_column type=&#8221;4_4&#8243; _builder_version=&#8221;4.0.6&#8243;][et_pb_text _builder_version=&#8221;4.0.6&#8243; hover_enabled=&#8221;0&#8243;]<\/p>\n<h1>Mitglied der A.I.S.E. Charter \u201eNachhaltiges Waschen und Reinigen\u201c<\/h1>\n<p>Die AVT ist eines der ersten mittelst\u00e4ndischen deutschen Unternehmen, welches die Aufnahmekriterien der A.I.S.E. erf\u00fcllt hat.<\/p>\n<p>Unternehmen, die der Charter \u201eNachhaltiges Waschen und Reinigen\u201c angeh\u00f6ren, sind von unabh\u00e4ngiger Seite auf Nachhaltigkeit bei der Entwicklung und Herstellung ihrer Produkte gepr\u00fcft.<\/p>\n<table>\n<tbody>\n<tr>\n<td>\n<p>Konkret bedeutet dies:<\/p>\n<ul>\n<li>Reduzierung von CO2-Emissionen, Energie- und Wasserverbrauch in der Produktion<\/li>\n<li>Sorgf\u00e4ltige Auswahl von Rohstoffen und Lieferanten nach einheitlichen Kriterien<\/li>\n<li>Optimierung von Verpackungsmaterialien<\/li>\n<li>Gesundheit und Sicherheit der Mitarbeiter<\/li>\n<li>Gesundheit und Sicherheit f\u00fcr Verbraucher und Kunden<\/li>\n<li>Einheitliche Symbole auf Verpackungen f\u00fcr eine sichere und umweltschonende Produktanwendung<\/li>\n<li>Telefonische Verbraucherberatung<\/li>\n<\/ul>\n<\/td>\n<td><img loading=\"lazy\" decoding=\"async\" src=\"http:\/\/avt-deutschland.de\/wp-content\/uploads\/2019\/11\/umweltschutz.jpg\" width=\"150\" height=\"222\" alt=\"\" class=\"wp-image-286 alignnone size-full\" \/><\/td>\n<\/tr>\n<\/tbody>\n<\/table>\n<p>Die erzielten Ergebnisse werden j\u00e4hrlich in einem europ\u00e4ischen Nachhaltigkeitsbericht ver\u00f6ffentlicht.<\/p>\n<p>[\/et_pb_text][\/et_pb_column][\/et_pb_row][\/et_pb_section]<\/p>\n","protected":false},"excerpt":{"rendered":"<p>Mitglied der A.I.S.E. Charter \u201eNachhaltiges Waschen und Reinigen\u201c Die AVT ist eines der ersten mittelst\u00e4ndischen deutschen Unternehmen, welches die Aufnahmekriterien der A.I.S.E. erf\u00fcllt hat. Unternehmen, die der Charter \u201eNachhaltiges Waschen und Reinigen\u201c angeh\u00f6ren, sind von unabh\u00e4ngiger Seite auf Nachhaltigkeit bei der Entwicklung und Herstellung ihrer Produkte gepr\u00fcft. Konkret bedeutet dies: Reduzierung von CO2-Emissionen, Energie- und [&hellip;]<\/p>\n","protected":false},"author":1,"featured_media":0,"parent":0,"menu_order":0,"comment_status":"closed","ping_status":"closed","template":"","meta":{"_et_pb_use_builder":"on","_et_pb_old_content":"<!-- wp:divi\/placeholder \/-->","_et_gb_content_width":"","footnotes":""},"class_list":["post-215","page","type-page","status-publish","hentry"],"translation":{"provider":"WPGlobus","version":"3.0.2","language":"en","enabled_languages":["de","en"],"languages":{"de":{"title":true,"content":true,"excerpt":false},"en":{"title":true,"content":false,"excerpt":false}}},"_links":{"self":[{"href":"https:\/\/avt-deutschland.de\/en\/wp-json\/wp\/v2\/pages\/215","targetHints":{"allow":["GET"]}}],"collection":[{"href":"https:\/\/avt-deutschland.de\/en\/wp-json\/wp\/v2\/pages"}],"about":[{"href":"https:\/\/avt-deutschland.de\/en\/wp-json\/wp\/v2\/types\/page"}],"author":[{"embeddable":true,"href":"https:\/\/avt-deutschland.de\/en\/wp-json\/wp\/v2\/users\/1"}],"replies":[{"embeddable":true,"href":"https:\/\/avt-deutschland.de\/en\/wp-json\/wp\/v2\/comments?post=215"}],"version-history":[{"count":5,"href":"https:\/\/avt-deutschland.de\/en\/wp-json\/wp\/v2\/pages\/215\/revisions"}],"predecessor-version":[{"id":328,"href":"https:\/\/avt-deutschland.de\/en\/wp-json\/wp\/v2\/pages\/215\/revisions\/328"}],"wp:attachment":[{"href":"https:\/\/avt-deutschland.de\/en\/wp-json\/wp\/v2\/media?parent=215"}],"curies":[{"name":"wp","href":"https:\/\/api.w.org\/{rel}","templated":true}]}}